{"id":2,"date":"2022-11-25T19:25:50","date_gmt":"2022-11-25T18:25:50","guid":{"rendered":"http:\/\/odanis.fr\/odanis\/?page_id=2"},"modified":"2025-12-18T13:27:04","modified_gmt":"2025-12-18T12:27:04","slug":"page-d-exemple","status":"publish","type":"page","link":"https:\/\/odanis.fr\/odanis\/","title":{"rendered":"Odanis"},"content":{"rendered":"\n<p>est une entreprise d\u2019Occitanie qui d\u00e9veloppe et commercialise des produits &amp; services innovants, avec \u00e0 la clef le d\u00e9p\u00f4t de plusieurs brevets et un produit qui s\u2019est vendu \u00e0 pr\u00e8s de 200 000 exemplaires. Fort de cette r\u00e9ussite, elle poursuit son d\u00e9veloppement pour offrir des produits &amp; services simples, \u00e9conomiques mais innovants \u00e0 ses clients.\u00a0 L\u2019entreprise s\u2019inscrit dans une d\u00e9marche \u00e9co-responsable (\u00e9co-conception, production avec \u00e9nergie verte, fabrication en France)<\/p>\n\n\n\n<p>Venez d\u00e9couvrir les innovations d\u2019Odanis\u2026.<\/p>\n\n\n\n<hr class=\"wp-block-separator has-text-color has-light-green-cyan-color has-alpha-channel-opacity has-light-green-cyan-background-color has-background is-style-wide\"\/>\n\n\n\n<p class=\"has-light-green-cyan-color has-text-color has-large-font-size\"><strong>L\u2019OUTIL DE L\u2019ECAILLER<\/strong><\/p>\n\n\n\n<figure class=\"wp-block-image size-large\"><img loading=\"lazy\" decoding=\"async\" width=\"1024\" height=\"398\" src=\"https:\/\/odanis.fr\/odanis\/wp-content\/uploads\/2022\/11\/huitre-2-1024x398.jpg\" alt=\"\" class=\"wp-image-71\" srcset=\"https:\/\/odanis.fr\/odanis\/wp-content\/uploads\/2022\/11\/huitre-2-1024x398.jpg 1024w, https:\/\/odanis.fr\/odanis\/wp-content\/uploads\/2022\/11\/huitre-2-300x117.jpg 300w, https:\/\/odanis.fr\/odanis\/wp-content\/uploads\/2022\/11\/huitre-2-768x298.jpg 768w, https:\/\/odanis.fr\/odanis\/wp-content\/uploads\/2022\/11\/huitre-2.jpg 1205w\" sizes=\"auto, (max-width: 1024px) 100vw, 1024px\" \/><figcaption class=\"wp-element-caption\">L\u2019OUTIL DE L\u2019ECAILLER<\/figcaption><\/figure>\n\n\n\n<p>Avec plus de 150 millions de douzaines d\u2019hu\u00eetres consomm\u00e9es par an dont 60% consomm\u00e9es au moment des f\u00eates de fin d\u2019ann\u00e9e, la France fait partie des plus grands consommateurs dans le monde. Aujourd\u2019hui, peu d\u2019innovation a vu le jour pour prot\u00e9ger la main lors de l\u2019ouverture des hu\u00eetres \u00e0 la place du traditionnel chiffon pli\u00e9 dans la main qui malheureusement a une efficacit\u00e9 limit\u00e9e.<\/p>\n\n\n\n<p>Afin de r\u00e9pondre \u00e0 ce besoin, Odanis a d\u00e9velopp\u00e9 un produit prot\u00e9geant la main lors de l\u2019ouverture des hu\u00eetres, ayant fait l\u2019objet d\u2019un d\u00e9p\u00f4t de brevet.<\/p>\n\n\n\n<p>Son principe est simple mais novateur&nbsp;; il est compos\u00e9 d\u2019une plaque d\u2019\u00e9lastom\u00e8re ergonomique dans laquelle deux fentes ont \u00e9t\u00e9 r\u00e9alis\u00e9es afin d\u2019y glisser le pouce ce qui permet une parfaite pr\u00e9hension de l\u2019hu\u00eetre et offre une protection efficace de la main.<\/p>\n\n\n\n<p>Economique, tr\u00e8s facile d\u2019utilisation, lavable, s\u2019adapte \u00e0 toutes les tailles de mains aussi bien pour les gauchers que les droitiers, est tr\u00e8s peu encombrant et surtout il est efficace<strong>.<\/strong><\/p>\n\n\n\n<p>Ce produit a \u00e9t\u00e9 vendu \u00e0 pr\u00eats 200&nbsp;000 exemplaire durant ces derni\u00e8res ann\u00e9es, principalement \u00e0 travers la grande distribution et la distribution sp\u00e9cialis\u00e9e.<\/p>\n\n\n\n<p>Il fait l\u2019objet d\u2019une \u00e9volution r\u00e9cente, dans sa mati\u00e8re pour r\u00e9pondre \u00e0 une logique plus environnementale et b\u00e9n\u00e9ficie d\u2019un marquage par graveur laser afin de personnaliser encore plus le produit (cible goodies pour les producteurs d\u2019huitres).<\/p>\n\n\n\n<p>Il est toujours fabriqu\u00e9 en France&nbsp;!!!<\/p>\n\n\n\n<hr class=\"wp-block-separator has-text-color has-light-green-cyan-color has-alpha-channel-opacity has-light-green-cyan-background-color has-background is-style-wide\"\/>\n\n\n\n<p class=\"has-light-green-cyan-color has-text-color has-large-font-size\">Anti Moustiques<\/p>\n\n\n\n<div class=\"wp-block-group\"><div class=\"wp-block-group__inner-container is-layout-constrained wp-block-group-is-layout-constrained\">\n<div class=\"wp-block-columns is-layout-flex wp-container-core-columns-is-layout-9d6595d7 wp-block-columns-is-layout-flex\">\n<div class=\"wp-block-column is-layout-flow wp-block-column-is-layout-flow\">\n<figure class=\"wp-block-image size-large is-resized\"><img loading=\"lazy\" decoding=\"async\" width=\"660\" height=\"1024\" src=\"https:\/\/odanis.fr\/odanis\/wp-content\/uploads\/2023\/09\/image-moustique-5-660x1024.jpg\" alt=\"\" class=\"wp-image-430\" style=\"width:133px;height:205px\" srcset=\"https:\/\/odanis.fr\/odanis\/wp-content\/uploads\/2023\/09\/image-moustique-5-660x1024.jpg 660w, https:\/\/odanis.fr\/odanis\/wp-content\/uploads\/2023\/09\/image-moustique-5-193x300.jpg 193w, https:\/\/odanis.fr\/odanis\/wp-content\/uploads\/2023\/09\/image-moustique-5-768x1192.jpg 768w, https:\/\/odanis.fr\/odanis\/wp-content\/uploads\/2023\/09\/image-moustique-5-990x1536.jpg 990w, https:\/\/odanis.fr\/odanis\/wp-content\/uploads\/2023\/09\/image-moustique-5-1320x2048.jpg 1320w, https:\/\/odanis.fr\/odanis\/wp-content\/uploads\/2023\/09\/image-moustique-5-2000x3104.jpg 2000w, https:\/\/odanis.fr\/odanis\/wp-content\/uploads\/2023\/09\/image-moustique-5-scaled.jpg 1650w\" sizes=\"auto, (max-width: 660px) 100vw, 660px\" \/><\/figure>\n<\/div>\n\n\n\n<div class=\"wp-block-column is-layout-flow wp-block-column-is-layout-flow\">\n<p>ODANIS est en train de concevoir plusieurs innovations dans la lutte contre le moustique. Une sur la base d&rsquo;un projectile innovant contre les insectes utilisant les pistolets Nerf<sup>tm<\/sup>, et 2 autres sur des pi\u00e8ges \u00e0 moustiques passifs et actifs de conception r\u00e9volutionnaires.<\/p>\n\n\n\n<p>Allez sur <a href=\"https:\/\/www.zeebang.eu\/\">ZeeBANG.f<\/a>r <\/p>\n<\/div>\n<\/div>\n\n\n\n<p><\/p>\n<\/div><\/div>\n\n\n\n<hr class=\"wp-block-separator has-text-color has-light-green-cyan-color has-alpha-channel-opacity has-light-green-cyan-background-color has-background is-style-wide\"\/>\n\n\n\n<p class=\"has-light-green-cyan-color has-text-color has-large-font-size\"><strong>MAXiBULL<\/strong><\/p>\n\n\n\n<figure class=\"wp-block-image size-large\"><img loading=\"lazy\" decoding=\"async\" width=\"1024\" height=\"432\" src=\"https:\/\/odanis.fr\/odanis\/wp-content\/uploads\/2022\/11\/maxibull2-1024x432.jpg\" alt=\"\" class=\"wp-image-76\" srcset=\"https:\/\/odanis.fr\/odanis\/wp-content\/uploads\/2022\/11\/maxibull2-1024x432.jpg 1024w, https:\/\/odanis.fr\/odanis\/wp-content\/uploads\/2022\/11\/maxibull2-300x127.jpg 300w, https:\/\/odanis.fr\/odanis\/wp-content\/uploads\/2022\/11\/maxibull2-768x324.jpg 768w, https:\/\/odanis.fr\/odanis\/wp-content\/uploads\/2022\/11\/maxibull2.jpg 1142w\" sizes=\"auto, (max-width: 1024px) 100vw, 1024px\" \/><\/figure>\n\n\n\n<p>Simple mais magique, MAXiBULL est un syst\u00e8me qui, apr\u00e8s l\u2019ouverture de votre boisson gazeuse, permet de pr\u00e9server sa qualit\u00e9 en gaz. Vous \u00e9vitez, ainsi, le gaspillage de votre soda ou de votre eau p\u00e9tillante.<\/p>\n\n\n\n<p>Comment l\u2019utiliser&nbsp;? Apr\u00e8s ouverture, vous pressez votre bouteille afin d\u2019amener le liquide jusqu\u2019au au niveau du bouchon, vous refermez et positionnez MAXiBULL.<\/p>\n\n\n\n<p>Pourquoi \u00e7a marche&nbsp;? MAXiBULL \u00e9vite \u00e0 la bouteille de revenir \u00e0 son \u00e9tat d\u2019origine, et ainsi limite le volume d&rsquo;air au-dessus de la boisson avec pour effet de r\u00e9duire la lib\u00e9ration naturelle du gaz &#8230;.<\/p>\n\n\n\n<p>Fabriqu\u00e9 en France, sous d\u00e9p\u00f4t de brevet, MAXiBULL s\u2019inscrit dans une d\u00e9marche \u00e9co-responsable (ECO-FRIENDLY).<\/p>\n\n\n\n<p>Economique, en seulement quelques bouteilles vous avez rentabilis\u00e9 votre achat&nbsp;!!!<\/p>\n\n\n\n<p>Allez sur MAXiBULL.fr<\/p>\n\n\n\n<hr class=\"wp-block-separator has-text-color has-light-green-cyan-color has-alpha-channel-opacity has-light-green-cyan-background-color has-background is-style-wide\"\/>\n\n\n\n<p class=\"has-light-green-cyan-color has-text-color has-large-font-size\"><strong>BALLE REBONDISSANTE&nbsp;<\/strong><\/p>\n\n\n<div class=\"wp-block-image\">\n<figure class=\"aligncenter size-full\"><img loading=\"lazy\" decoding=\"async\" width=\"259\" height=\"194\" src=\"https:\/\/odanis.fr\/odanis\/wp-content\/uploads\/2022\/11\/images.png\" alt=\"\" class=\"wp-image-77\"\/><\/figure>\n<\/div>\n\n\n<p>Odanis d\u00e9veloppe une balle rebondissante sur l\u2019eau d\u2019un genre nouveau, l\u00e9g\u00e8re, en mati\u00e8re \u00ab&nbsp;sp\u00e9ciale&nbsp;\u00bb, elle ricoche et rebondit sur l\u2019eau de fa\u00e7on impressionnante. D\u00e9p\u00f4t de design, marque, sourcing et commercialisation en cours. L\u2019approche s\u2019inscrit \u00e9videmment dans une maximisation de la logique eco-friendly, dans un march\u00e9 ou la production est bien loin de nos fronti\u00e8res\u2026 Le produit, son nom et design seront d\u00e9voil\u00e9 dans les prochaines semaines&#8230;.<\/p>\n\n\n\n<hr class=\"wp-block-separator has-text-color has-light-green-cyan-color has-alpha-channel-opacity has-light-green-cyan-background-color has-background is-style-wide\"\/>\n\n\n\n<p class=\"has-light-green-cyan-color has-text-color has-large-font-size\"><strong>PRESTATION DE SERVICE AUTOUR DES CHAMPS ELECTROMAGNETIQUES<\/strong><\/p>\n\n\n<div class=\"wp-block-image\">\n<figure class=\"aligncenter size-large is-resized\"><img loading=\"lazy\" decoding=\"async\" width=\"1024\" height=\"621\" src=\"https:\/\/odanis.fr\/odanis\/wp-content\/uploads\/2022\/11\/logo-5g-3gpp-1-1024x621.png\" alt=\"\" class=\"wp-image-78\" style=\"width:227px;height:138px\" srcset=\"https:\/\/odanis.fr\/odanis\/wp-content\/uploads\/2022\/11\/logo-5g-3gpp-1-1024x621.png 1024w, https:\/\/odanis.fr\/odanis\/wp-content\/uploads\/2022\/11\/logo-5g-3gpp-1-300x182.png 300w, https:\/\/odanis.fr\/odanis\/wp-content\/uploads\/2022\/11\/logo-5g-3gpp-1-768x466.png 768w, https:\/\/odanis.fr\/odanis\/wp-content\/uploads\/2022\/11\/logo-5g-3gpp-1.png 1500w\" sizes=\"auto, (max-width: 1024px) 100vw, 1024px\" \/><\/figure>\n<\/div>\n\n\n<p>Conscient des cons\u00e9quences et des risques &nbsp;li\u00e9s \u00e0 la prolif\u00e9ration des ondes \u00e9lectromagn\u00e9tiques dans notre environnement personnel et professionnel (4G, 5G, multiplication d\u2019objets connect\u00e9es\u2026), Odanis d\u00e9veloppe une approche novatrice pour accompagner particulier et entreprise dans le principe de pr\u00e9caution associ\u00e9. Cette approche, en cours de d\u00e9veloppement,&nbsp; sera d\u00e9voil\u00e9 dans les prochaines mois\u2026.<\/p>\n","protected":false},"excerpt":{"rendered":"<p>est une entreprise d\u2019Occitanie qui d\u00e9veloppe et commercialise des produits &amp; services innovants, avec \u00e0 la clef le d\u00e9p\u00f4t de plusieurs brevets et un produit qui s\u2019est vendu \u00e0 pr\u00e8s de 200 000 exemplaires. Fort de cette r\u00e9ussite, elle poursuit son d\u00e9veloppement pour offrir des produits &amp; services simples, \u00e9conomiques mais innovants \u00e0 ses clients.\u00a0 &hellip; <\/p>\n<p class=\"link-more\"><a href=\"https:\/\/odanis.fr\/odanis\/\" class=\"more-link\">Lire la suite de<span class=\"screen-reader-text\">\u00ab\u00a0Odanis\u00a0\u00bb<\/span><\/a><\/p>\n","protected":false},"author":1,"featured_media":0,"parent":0,"menu_order":0,"comment_status":"closed","ping_status":"open","template":"","meta":{"footnotes":""},"class_list":["post-2","page","type-page","status-publish","hentry"],"_links":{"self":[{"href":"https:\/\/odanis.fr\/odanis\/wp-json\/wp\/v2\/pages\/2","targetHints":{"allow":["GET"]}}],"collection":[{"href":"https:\/\/odanis.fr\/odanis\/wp-json\/wp\/v2\/pages"}],"about":[{"href":"https:\/\/odanis.fr\/odanis\/wp-json\/wp\/v2\/types\/page"}],"author":[{"embeddable":true,"href":"https:\/\/odanis.fr\/odanis\/wp-json\/wp\/v2\/users\/1"}],"replies":[{"embeddable":true,"href":"https:\/\/odanis.fr\/odanis\/wp-json\/wp\/v2\/comments?post=2"}],"version-history":[{"count":7,"href":"https:\/\/odanis.fr\/odanis\/wp-json\/wp\/v2\/pages\/2\/revisions"}],"predecessor-version":[{"id":451,"href":"https:\/\/odanis.fr\/odanis\/wp-json\/wp\/v2\/pages\/2\/revisions\/451"}],"wp:attachment":[{"href":"https:\/\/odanis.fr\/odanis\/wp-json\/wp\/v2\/media?parent=2"}],"curies":[{"name":"wp","href":"https:\/\/api.w.org\/{rel}","templated":true}]}}