{"id":90,"date":"2022-04-17T01:12:47","date_gmt":"2022-04-16T23:12:47","guid":{"rendered":"https:\/\/odanis.fr\/maxibull\/?page_id=90"},"modified":"2025-12-19T10:03:39","modified_gmt":"2025-12-19T09:03:39","slug":"90-2","status":"publish","type":"page","link":"https:\/\/odanis.fr\/maxibull\/","title":{"rendered":""},"content":{"rendered":"\n<p><strong>Simple mais<\/strong> <strong>magique<\/strong>,  MAXiBULL est un syst\u00e8me qui, apr\u00e8s l\u2019ouverture de votre boisson gazeuse, permet de pr\u00e9server sa qualit\u00e9 en gaz. Vous \u00e9vitez, ainsi, le gaspillage de votre soda ou de votre eau p\u00e9tillante.<\/p>\n\n\n\n<p><strong>Comment l\u2019utiliser&nbsp;?<\/strong> Apr\u00e8s ouverture, vous pressez votre bouteille afin d\u2019amener le liquide jusqu\u2019au au niveau du bouchon, vous refermez et positionnez MAXiBULL.<\/p>\n\n\n\n<p><strong>Pourquoi \u00e7a marche&nbsp;? <\/strong>MAXiBULL \u00e9vite \u00e0 la bouteille de revenir \u00e0 son \u00e9tat d\u2019origine, et ainsi limite le volume d&rsquo;air au-dessus de la boisson avec pour effet de r\u00e9duire la lib\u00e9ration naturelle du gaz. Allez voir <a href=\"https:\/\/odanis.fr\/maxibull\/demo\/\">la d\u00e9mo<\/a>\u2026..<\/p>\n\n\n\n<p>Fabriqu\u00e9 en France, sous d\u00e9p\u00f4t de brevet, MAXiBULL s\u2019inscrit dans<a href=\"https:\/\/odanis.fr\/maxibull\/eco-friendly\/\"> une d\u00e9marche \u00e9co-responsable (ECO-FRIENDLY).<\/a><\/p>\n\n\n\n<p>Economique, en seulement quelques bouteilles vous avez <a href=\"https:\/\/odanis.fr\/maxibull\/achat\/\">rentabilis\u00e9 votre achat<\/a>&nbsp;!!!<\/p>\n\n\n\n<p>Encore des interrogations ? <a href=\"https:\/\/odanis.fr\/maxibull\/faq\/\">la FAQ <\/a>vous \u00e9claire.<\/p>\n\n\n\n<ul class=\"wp-block-social-links has-normal-icon-size is-style-logos-only is-horizontal is-content-justification-left is-layout-flex wp-container-core-social-links-is-layout-7e5fce0a wp-block-social-links-is-layout-flex\">\n\n\n\n\n\n<\/ul>\n\n\n\n<p><\/p>\n","protected":false},"excerpt":{"rendered":"<p>Simple mais magique, MAXiBULL est un syst\u00e8me qui, apr\u00e8s l\u2019ouverture de votre boisson gazeuse, permet de pr\u00e9server sa qualit\u00e9 en gaz. Vous \u00e9vitez, ainsi, le gaspillage de votre soda ou de votre eau p\u00e9tillante. Comment l\u2019utiliser&nbsp;? Apr\u00e8s ouverture, vous pressez votre bouteille afin d\u2019amener le liquide jusqu\u2019au au niveau du bouchon, vous refermez et positionnez &hellip; <\/p>\n<p class=\"link-more\"><a href=\"https:\/\/odanis.fr\/maxibull\/\" class=\"more-link\">Lire la suite de<span class=\"screen-reader-text\">\u00ab\u00a0\u00a0\u00bb<\/span><\/a><\/p>\n","protected":false},"author":1,"featured_media":0,"parent":0,"menu_order":0,"comment_status":"closed","ping_status":"closed","template":"","meta":{"footnotes":""},"class_list":["post-90","page","type-page","status-publish","hentry"],"_links":{"self":[{"href":"https:\/\/odanis.fr\/maxibull\/wp-json\/wp\/v2\/pages\/90","targetHints":{"allow":["GET"]}}],"collection":[{"href":"https:\/\/odanis.fr\/maxibull\/wp-json\/wp\/v2\/pages"}],"about":[{"href":"https:\/\/odanis.fr\/maxibull\/wp-json\/wp\/v2\/types\/page"}],"author":[{"embeddable":true,"href":"https:\/\/odanis.fr\/maxibull\/wp-json\/wp\/v2\/users\/1"}],"replies":[{"embeddable":true,"href":"https:\/\/odanis.fr\/maxibull\/wp-json\/wp\/v2\/comments?post=90"}],"version-history":[{"count":19,"href":"https:\/\/odanis.fr\/maxibull\/wp-json\/wp\/v2\/pages\/90\/revisions"}],"predecessor-version":[{"id":439,"href":"https:\/\/odanis.fr\/maxibull\/wp-json\/wp\/v2\/pages\/90\/revisions\/439"}],"wp:attachment":[{"href":"https:\/\/odanis.fr\/maxibull\/wp-json\/wp\/v2\/media?parent=90"}],"curies":[{"name":"wp","href":"https:\/\/api.w.org\/{rel}","templated":true}]}}