{"id":408,"date":"2023-03-23T11:47:57","date_gmt":"2023-03-23T10:47:57","guid":{"rendered":"https:\/\/odanis.fr\/maxibull\/?page_id=408"},"modified":"2023-04-03T15:49:46","modified_gmt":"2023-04-03T13:49:46","slug":"news","status":"publish","type":"page","link":"https:\/\/odanis.fr\/maxibull\/news\/","title":{"rendered":"NEWS"},"content":{"rendered":"\n<p class=\"has-medium-font-size\">MAXiBULL est s\u00e9lectionn\u00e9 au troph\u00e9e Gustave de la foire de Printemps de Montpellier 2023 en tant qu&rsquo;innovation.<\/p>\n\n\n\n<p><a href=\"https:\/\/actu.fr\/occitanie\/perols_34198\/montpellier-decouvrez-les-huit-geo-trouvetou-de-la-foire-de-printemps_57974261.html\" target=\"_blank\" rel=\"noopener\">Montpellier&nbsp;: d\u00e9couvrez les huit \u00ab&nbsp;G\u00e9o Trouvetou&nbsp;\u00bb de la Foire de Printemps | M\u00e9tropolitain (actu.fr)<\/a><\/p>\n\n\n\n<p><\/p>\n\n\n\n<p><\/p>\n\n\n\n<hr class=\"wp-block-separator alignwide is-style-wide\"\/>\n\n\n\n<p class=\"has-medium-font-size\">Nouvelle vid\u00e9o de pr\u00e9sentation de MAXiBULL version sous titr\u00e9e<\/p>\n\n\n\n<figure class=\"wp-block-embed is-type-video is-provider-youtube wp-block-embed-youtube wp-embed-aspect-16-9 wp-has-aspect-ratio\"><div class=\"wp-block-embed__wrapper\">\n<iframe loading=\"lazy\" title=\"MAXiBULL, Sauvez les bulles de votre boisson gazeuse favorite !! (version sous titr\u00e9e)\" width=\"950\" height=\"534\" src=\"https:\/\/www.youtube.com\/embed\/nPJ0pc8tUOY?feature=oembed\" frameborder=\"0\" allow=\"accelerometer; autoplay; clipboard-write; encrypted-media; gyroscope; picture-in-picture; web-share\" allowfullscreen><\/iframe>\n<\/div><\/figure>\n\n\n\n<hr class=\"wp-block-separator is-style-wide\"\/>\n\n\n\n<p class=\"has-medium-font-size\">Article int\u00e9ressant dans <\/p>\n\n\n\n<figure class=\"wp-block-image is-resized\"><img loading=\"lazy\" decoding=\"async\" src=\"https:\/\/www.neozone.org\/blog\/wp-content\/uploads\/2021\/06\/LOGO-DTP.jpg\" alt=\"NeozOne\" width=\"224\" height=\"45\"\/><\/figure>\n\n\n\n<p><a href=\"https:\/\/www.neozone.org\/innovation\/maxibull-une-invention-etonnante-pour-ne-plus-perdre-le-gaz-et-les-bulles-des-boissons-gazeuses-apres-ouverture\/\" target=\"_blank\" rel=\"noreferrer noopener\">Maxibull : une invention \u00e9tonnante pour ne plus perdre le gaz et les bulles des boissons gazeuses apr\u00e8s ouverture<\/a><\/p>\n","protected":false},"excerpt":{"rendered":"<p>MAXiBULL est s\u00e9lectionn\u00e9 au troph\u00e9e Gustave de la foire de Printemps de Montpellier 2023 en tant qu&rsquo;innovation. Montpellier&nbsp;: d\u00e9couvrez les huit \u00ab&nbsp;G\u00e9o Trouvetou&nbsp;\u00bb de la Foire de Printemps | M\u00e9tropolitain (actu.fr) Nouvelle vid\u00e9o de pr\u00e9sentation de MAXiBULL version sous titr\u00e9e Article int\u00e9ressant dans Maxibull : une invention \u00e9tonnante pour ne plus perdre le gaz et &hellip; <\/p>\n<p class=\"link-more\"><a href=\"https:\/\/odanis.fr\/maxibull\/news\/\" class=\"more-link\">Lire la suite de<span class=\"screen-reader-text\">\u00ab\u00a0NEWS\u00a0\u00bb<\/span><\/a><\/p>\n","protected":false},"author":1,"featured_media":0,"parent":0,"menu_order":0,"comment_status":"closed","ping_status":"closed","template":"","meta":{"footnotes":""},"class_list":["post-408","page","type-page","status-publish","hentry"],"_links":{"self":[{"href":"https:\/\/odanis.fr\/maxibull\/wp-json\/wp\/v2\/pages\/408","targetHints":{"allow":["GET"]}}],"collection":[{"href":"https:\/\/odanis.fr\/maxibull\/wp-json\/wp\/v2\/pages"}],"about":[{"href":"https:\/\/odanis.fr\/maxibull\/wp-json\/wp\/v2\/types\/page"}],"author":[{"embeddable":true,"href":"https:\/\/odanis.fr\/maxibull\/wp-json\/wp\/v2\/users\/1"}],"replies":[{"embeddable":true,"href":"https:\/\/odanis.fr\/maxibull\/wp-json\/wp\/v2\/comments?post=408"}],"version-history":[{"count":7,"href":"https:\/\/odanis.fr\/maxibull\/wp-json\/wp\/v2\/pages\/408\/revisions"}],"predecessor-version":[{"id":423,"href":"https:\/\/odanis.fr\/maxibull\/wp-json\/wp\/v2\/pages\/408\/revisions\/423"}],"wp:attachment":[{"href":"https:\/\/odanis.fr\/maxibull\/wp-json\/wp\/v2\/media?parent=408"}],"curies":[{"name":"wp","href":"https:\/\/api.w.org\/{rel}","templated":true}]}}