{"id":270,"date":"2022-04-20T20:43:39","date_gmt":"2022-04-20T18:43:39","guid":{"rendered":"https:\/\/odanis.fr\/maxibull\/?page_id=270"},"modified":"2022-11-25T17:19:48","modified_gmt":"2022-11-25T16:19:48","slug":"faq","status":"publish","type":"page","link":"https:\/\/odanis.fr\/maxibull\/faq\/","title":{"rendered":"FAQ"},"content":{"rendered":"\n<p><strong><em>Est-ce que MAXiBULL fonctionne sur toutes les bouteilles&nbsp;?<\/em><\/strong> <\/p>\n\n\n\n<p class=\"has-pale-cyan-blue-color has-text-color\">OUI, quand elles sont en plastique. NON, quand elles sont en verre&#8230;&#8230;<\/p>\n\n\n\n<hr class=\"wp-block-separator\"\/>\n\n\n\n<p><strong><em>Est-ce que MAXiBULL va rentrer  facilement dans mon r\u00e9frig\u00e9rateur&nbsp;?<\/em> <\/strong><\/p>\n\n\n\n<p class=\"has-pale-cyan-blue-color has-text-color\">OUI, &nbsp;sa position \u00e0 mi-hauteur &nbsp;n\u2019emp\u00eache pas la bouteille de rentrer dans le bac, et il peut se positionner lat\u00e9ralement ou mieux perpendiculairement, ce qui n\u2019engendre pas de perte de place dans le bac. Il n\u2019a pas d\u2019impact sur la hauteur de la bouteille.<\/p>\n\n\n\n<hr class=\"wp-block-separator\"\/>\n\n\n\n<p><strong><em>Est-ce que MAXiBULL sur la bouteille g\u00e8ne pour verser la boisson&nbsp;?<\/em><\/strong><\/p>\n\n\n\n<p class=\"has-pale-cyan-blue-color has-text-color\">Non, Il est particuli\u00e8rement l\u00e9ger(moins de 15gr), et ne g\u00eane la manipulation de la bouteille.<\/p>\n\n\n\n<hr class=\"wp-block-separator\"\/>\n\n\n\n<p><strong><em>Est-ce que MAXiBULL est facile \u00e0 utiliser&nbsp;?<\/em><\/strong><\/p>\n\n\n\n<p class=\"has-pale-cyan-blue-color has-text-color\">OUI, il suffit juste de presser la bouteille, de refermer le bouchon et de le positionner, il ne se met qu\u2019une fois, plus besoin de l\u2019enlever jusqu\u2019\u00e0 la consommation finale.<\/p>\n\n\n\n<hr class=\"wp-block-separator\"\/>\n\n\n\n<p><strong><em>Est-ce qu\u2019il y a un risque que le liquide s\u2019\u00e9chappe \u00e0 la prochaine ouverture quand &nbsp;MAXiBULL est en place&nbsp;?<\/em><\/strong><\/p>\n\n\n\n<p class=\"has-pale-cyan-blue-color has-text-color\">Non, aucun risque, si vous suivez les instructions, il ne doit pas exercer&nbsp; de pression suppl\u00e9mentaire sur la bouteille quand vous l\u2019avez refermer, il est juste pr\u00e9sent pour \u00e9viter que la bouteille revienne \u00e0 son \u00e9tat initial.<\/p>\n\n\n\n<hr class=\"wp-block-separator\"\/>\n\n\n\n<p><strong><em>Est-ce que MAXiBULL va r\u00e9sister aux conditions d&rsquo;un r\u00e9frig\u00e9rateur?<\/em><\/strong> <\/p>\n\n\n\n<p class=\"has-pale-cyan-blue-color has-text-color\">OUI, sa mati\u00e8re, le PETG,  r\u00e9siste bien \u00e0 la temp\u00e9rature et \u00e0 l&rsquo;hygrom\u00e9trie d\u2019un r\u00e9frig\u00e9rateur.<\/p>\n\n\n\n<hr class=\"wp-block-separator\"\/>\n\n\n\n<p><strong><em>Est-ce que MAXiBULL &nbsp;marche avec des bouteilles de 50cl&nbsp;?<\/em><\/strong> <\/p>\n\n\n\n<p class=\"has-pale-cyan-blue-color has-text-color\">OUI, cela peut \u00eatre une solution si vous buvez des canettes de 33cl.<\/p>\n\n\n\n<hr class=\"wp-block-separator\"\/>\n\n\n\n<p><strong><em>Est-ce que MAXiBULL est solide&nbsp;?<\/em><\/strong> <\/p>\n\n\n\n<p class=\"has-pale-cyan-blue-color has-text-color\">OUI, il a \u00e9t\u00e9 test\u00e9 sur des dizaines de marques, de forme de bouteilles d\u2019eau gazeuse et de sodas, il est possible, dans le cas rare de bouteilles avec \u00e9norm\u00e9ment de gaz, que la pression fasse se \u00ab&nbsp;d\u00e9faire&nbsp;\u00bb MAXiBULL, dans ce cas mettre en place MAXiBULL \u00e0 la deuxi\u00e8me consommation. Il passe \u00e9galement en machine \u00e0 laver vaisselle si n\u00e9cessaire.<\/p>\n\n\n\n<hr class=\"wp-block-separator\"\/>\n\n\n\n<p><strong><em>Comment recycler MAXiBULL&nbsp;?<\/em><\/strong> <\/p>\n\n\n\n<p class=\"has-pale-cyan-blue-color has-text-color\">&nbsp;MAXiBULL va durer longtemps, mais il pourra&nbsp; \u00eatre jeter dans les poubelles de recyclage, son marquage permet le tri s\u00e9lectif. De plus, le fait de presser la bouteille \u00e9vitera de le faire pour le compacter pour la poubelle jaune.<\/p>\n\n\n\n<hr class=\"wp-block-separator\"\/>\n\n\n\n<p><strong><em>Est-ce que je peux utiliser MAXiBULL XL sur des bouteilles plus petites&nbsp;?<\/em><\/strong> <\/p>\n\n\n\n<p class=\"has-pale-cyan-blue-color has-text-color\">OUI, sans probl\u00e8me, l\u2019offre de 2 permet de multiplier les possibilit\u00e9s pour un cout moindre \u00e0 l\u2019unit\u00e9.<\/p>\n\n\n\n<hr class=\"wp-block-separator\"\/>\n\n\n\n<p><strong><em>Est-ce que je peux utiliser MAXiBULL sur des bouteilles d\u2019eau p\u00e9tillante&nbsp;?<\/em><\/strong> <\/p>\n\n\n\n<p class=\"has-pale-cyan-blue-color has-text-color\">OUI, bien au contraire, il n&rsquo;est pas r\u00e9serv\u00e9 qu\u2019aux sodas, il suffit juste que la bouteille soit en plastique et vous garderez tout son p\u00e9tillant.<\/p>\n\n\n\n<hr class=\"wp-block-separator\"\/>\n\n\n\n<p><strong><em>Est-ce que je peux utiliser MAXiBULL sur des bouteilles en plastique non gazeuse&nbsp;?<\/em><\/strong> &nbsp;<\/p>\n\n\n\n<p class=\"has-pale-cyan-blue-color has-text-color\">OUI vous pouvez, limitant le contact avec l\u2019air la bouteille devrait avoir une meilleure conservation. Apr\u00e8s vous pouvez presser la bouteille sans MAXiBULL, n\u2019ayant pas de gaz, la bouteille devrait rester press\u00e9e, tout d\u00e9pend du plastique.<\/p>\n\n\n\n<hr class=\"wp-block-separator\"\/>\n\n\n\n<p><strong><em>Est-ce que MAXiBULL est unique&nbsp;?<\/em> <\/strong><\/p>\n\n\n\n<p class=\"has-pale-cyan-blue-color has-text-color\">OUI unique sur son design, OUI il devrait l\u2019\u00eatre sur son principe, l\u2019obtention du brevet est en cours&nbsp;sur la France, puis l\u2019Europe et le monde.<\/p>\n\n\n\n<hr class=\"wp-block-separator\"\/>\n\n\n\n<p><strong><em>Est qu\u2019il existe des concurrents \u00e0 MAXiBULL ?<\/em> <\/strong><\/p>\n\n\n\n<p class=\"has-pale-cyan-blue-color has-text-color\">OUI, il existe des pompes pour mettre sous pression le gaz de la bouteille, mais MAXiBULL pr\u00e9sente de nombreux avantages&nbsp;: il est g\u00e9n\u00e9ral  2 fois moins cher, n\u2019a aucun impact sur la hauteur de la bouteille, ce qui est peut \u00eatre un vrai probl\u00e8me selon les r\u00e9frig\u00e9rateurs, est simple \u00e0 mettre en place et ne demande qu\u2019une pression, alors que les pompes demandes beaucoup de pompage et enfin est fiable par son principe, alors que les pompes peuvent fuir\u2026.<\/p>\n\n\n\n<hr class=\"wp-block-separator\"\/>\n\n\n\n<p><strong><em>Est-ce que MAXiBULL est responsable&nbsp;?<\/em><\/strong><\/p>\n\n\n\n<p class=\"has-pale-cyan-blue-color has-text-color\"> OUI, voir la page ECO-FRIENDLY<\/p>\n\n\n\n<hr class=\"wp-block-separator\"\/>\n\n\n\n<p><strong><em>Est-ce que MAXiBULL est cher ?<\/em> <\/strong><\/p>\n\n\n\n<p class=\"has-pale-cyan-blue-color has-text-color\">NON, il est rentabilis\u00e9 en quelques bouteilles (voir la page ACHAT), et il est 2 fois moins cher que les produits qui ont des fonctionnalit\u00e9s similaires avec un certain nombres d\u2019inconv\u00e9nients.<\/p>\n\n\n\n<hr class=\"wp-block-separator\"\/>\n\n\n\n<p><strong><em>Est-ce que la FAQ est finie?<\/em><\/strong> OUI, enfin pas encore<\/p>\n\n\n\n<hr class=\"wp-block-separator\"\/>\n\n\n\n<p><\/p>\n","protected":false},"excerpt":{"rendered":"<p>Est-ce que MAXiBULL fonctionne sur toutes les bouteilles&nbsp;? OUI, quand elles sont en plastique. NON, quand elles sont en verre&#8230;&#8230; Est-ce que MAXiBULL va rentrer facilement dans mon r\u00e9frig\u00e9rateur&nbsp;? OUI, &nbsp;sa position \u00e0 mi-hauteur &nbsp;n\u2019emp\u00eache pas la bouteille de rentrer dans le bac, et il peut se positionner lat\u00e9ralement ou mieux perpendiculairement, ce qui n\u2019engendre &hellip; <\/p>\n<p class=\"link-more\"><a href=\"https:\/\/odanis.fr\/maxibull\/faq\/\" class=\"more-link\">Lire la suite de<span class=\"screen-reader-text\">\u00ab\u00a0FAQ\u00a0\u00bb<\/span><\/a><\/p>\n","protected":false},"author":1,"featured_media":0,"parent":0,"menu_order":0,"comment_status":"closed","ping_status":"closed","template":"","meta":{"footnotes":""},"class_list":["post-270","page","type-page","status-publish","hentry"],"_links":{"self":[{"href":"https:\/\/odanis.fr\/maxibull\/wp-json\/wp\/v2\/pages\/270","targetHints":{"allow":["GET"]}}],"collection":[{"href":"https:\/\/odanis.fr\/maxibull\/wp-json\/wp\/v2\/pages"}],"about":[{"href":"https:\/\/odanis.fr\/maxibull\/wp-json\/wp\/v2\/types\/page"}],"author":[{"embeddable":true,"href":"https:\/\/odanis.fr\/maxibull\/wp-json\/wp\/v2\/users\/1"}],"replies":[{"embeddable":true,"href":"https:\/\/odanis.fr\/maxibull\/wp-json\/wp\/v2\/comments?post=270"}],"version-history":[{"count":23,"href":"https:\/\/odanis.fr\/maxibull\/wp-json\/wp\/v2\/pages\/270\/revisions"}],"predecessor-version":[{"id":405,"href":"https:\/\/odanis.fr\/maxibull\/wp-json\/wp\/v2\/pages\/270\/revisions\/405"}],"wp:attachment":[{"href":"https:\/\/odanis.fr\/maxibull\/wp-json\/wp\/v2\/media?parent=270"}],"curies":[{"name":"wp","href":"https:\/\/api.w.org\/{rel}","templated":true}]}}