{"id":16,"date":"2022-04-16T20:07:19","date_gmt":"2022-04-16T18:07:19","guid":{"rendered":"https:\/\/odanis.fr\/maxibull\/?page_id=14"},"modified":"2023-12-04T19:44:13","modified_gmt":"2023-12-04T18:44:13","slug":"a-propos","status":"publish","type":"page","link":"https:\/\/odanis.fr\/maxibull\/a-propos\/","title":{"rendered":"A propos ODANIS"},"content":{"rendered":"\n<p>ODANIS est une entreprise d\u2019Occitanie qui d\u00e9veloppe et commercialise des produits &amp; services innovants, avec \u00e0 la clef le d\u00e9p\u00f4t de plusieurs brevets et un produit qui s\u2019est vendu \u00e0 pr\u00e8s de 200\u00a0000 exemplaires. Fort de cette r\u00e9ussite, elle poursuit son d\u00e9veloppement pour offrir des produits simples mais innovants \u00e0 ses clients. \u00a0L\u2019entreprise s\u2019inscrit dans une d\u00e9marche \u00e9co-responsable, int\u00e9gration de l&rsquo;approche \u00e9co-conception, \u00e9nergie verte, et conception et fabrication en France. <\/p>\n\n\n\n<p>Venez d\u00e9couvrir les autres innovations d\u2019ODANIS\u2026.<\/p>\n","protected":false},"excerpt":{"rendered":"<p>ODANIS est une entreprise d\u2019Occitanie qui d\u00e9veloppe et commercialise des produits &amp; services innovants, avec \u00e0 la clef le d\u00e9p\u00f4t de plusieurs brevets et un produit qui s\u2019est vendu \u00e0 pr\u00e8s de 200\u00a0000 exemplaires. Fort de cette r\u00e9ussite, elle poursuit son d\u00e9veloppement pour offrir des produits simples mais innovants \u00e0 ses clients. \u00a0L\u2019entreprise s\u2019inscrit dans &hellip; <\/p>\n<p class=\"link-more\"><a href=\"https:\/\/odanis.fr\/maxibull\/a-propos\/\" class=\"more-link\">Lire la suite de<span class=\"screen-reader-text\">\u00ab\u00a0A propos ODANIS\u00a0\u00bb<\/span><\/a><\/p>\n","protected":false},"author":1,"featured_media":0,"parent":0,"menu_order":0,"comment_status":"closed","ping_status":"closed","template":"","meta":{"footnotes":""},"class_list":["post-16","page","type-page","status-publish","hentry"],"_links":{"self":[{"href":"https:\/\/odanis.fr\/maxibull\/wp-json\/wp\/v2\/pages\/16","targetHints":{"allow":["GET"]}}],"collection":[{"href":"https:\/\/odanis.fr\/maxibull\/wp-json\/wp\/v2\/pages"}],"about":[{"href":"https:\/\/odanis.fr\/maxibull\/wp-json\/wp\/v2\/types\/page"}],"author":[{"embeddable":true,"href":"https:\/\/odanis.fr\/maxibull\/wp-json\/wp\/v2\/users\/1"}],"replies":[{"embeddable":true,"href":"https:\/\/odanis.fr\/maxibull\/wp-json\/wp\/v2\/comments?post=16"}],"version-history":[{"count":3,"href":"https:\/\/odanis.fr\/maxibull\/wp-json\/wp\/v2\/pages\/16\/revisions"}],"predecessor-version":[{"id":429,"href":"https:\/\/odanis.fr\/maxibull\/wp-json\/wp\/v2\/pages\/16\/revisions\/429"}],"wp:attachment":[{"href":"https:\/\/odanis.fr\/maxibull\/wp-json\/wp\/v2\/media?parent=16"}],"curies":[{"name":"wp","href":"https:\/\/api.w.org\/{rel}","templated":true}]}}