{"id":15,"date":"2022-04-16T20:06:21","date_gmt":"2022-04-16T18:06:21","guid":{"rendered":"https:\/\/odanis.fr\/maxibull\/?page_id=12"},"modified":"2023-05-25T20:18:00","modified_gmt":"2023-05-25T18:18:00","slug":"achat","status":"publish","type":"page","link":"https:\/\/odanis.fr\/maxibull\/achat\/","title":{"rendered":"ACHAT"},"content":{"rendered":"\n<div class=\"wp-block-media-text alignwide\" style=\"grid-template-columns:15% auto\"><figure class=\"wp-block-media-text__media\"><img loading=\"lazy\" decoding=\"async\" width=\"96\" height=\"96\" src=\"https:\/\/odanis.fr\/maxibull\/wp-content\/uploads\/2022\/04\/image.png\" alt=\"MAXIBULL ECONOMIE\" class=\"wp-image-122 size-full\"\/><\/figure><div class=\"wp-block-media-text__content\">\n<p class=\"has-large-font-size\"><strong><strong><strong>Acheter MAXiBULL, c\u2019est gagner de l\u2019argent&nbsp;!!!<\/strong><\/strong><\/strong><\/p>\n<\/div><\/div>\n\n\n\n<p>MAXiBULL est vraiment \u00e9conomique, en achetant 3 bouteilles de 1 litre &nbsp;au lieu de 6 bouteilles de 50cl, vous avez d\u00e9j\u00e0 rentabiliser votre achat (donn\u00e9es bas\u00e9es sur un prix observ\u00e9 quasi similaire entre une bouteille de 1 litre et de 50cl sur une marque de cola bien connue avec l&rsquo;offre x1). L\u2019achat de bouteille de 1,75L au lieu de 1 L produira les m\u00eames effets avec une rentabilit\u00e9 obtenue avec moins de 2 packs de 6 bouteilles&nbsp;!!!!<\/p>\n\n\n\n<hr class=\"wp-block-separator\"\/>\n\n\n\n<div class=\"wp-block-media-text alignwide\" style=\"grid-template-columns:15% auto\"><figure class=\"wp-block-media-text__media\"><img loading=\"lazy\" decoding=\"async\" width=\"88\" height=\"88\" src=\"https:\/\/odanis.fr\/maxibull\/wp-content\/uploads\/2022\/04\/image-1.png\" alt=\"MAXIBULL OFFRE\" class=\"wp-image-124 size-full\"\/><\/figure><div class=\"wp-block-media-text__content\">\n<p class=\"has-large-font-size\"><strong>2 offres&nbsp;pour plus de possibilit\u00e9s&nbsp;<\/strong>&nbsp;!!!<\/p>\n<\/div><\/div>\n\n\n\n<div class=\"wp-block-media-text alignwide is-stacked-on-mobile\" style=\"grid-template-columns:15% auto\"><figure class=\"wp-block-media-text__media\"><img loading=\"lazy\" decoding=\"async\" width=\"768\" height=\"1024\" src=\"https:\/\/odanis.fr\/maxibull\/wp-content\/uploads\/2022\/05\/maxibull-M-photo-avec-packaging-768x1024.jpg\" alt=\"\" class=\"wp-image-374 size-thumbnail\" srcset=\"https:\/\/odanis.fr\/maxibull\/wp-content\/uploads\/2022\/05\/maxibull-M-photo-avec-packaging-768x1024.jpg 768w, https:\/\/odanis.fr\/maxibull\/wp-content\/uploads\/2022\/05\/maxibull-M-photo-avec-packaging-225x300.jpg 225w, https:\/\/odanis.fr\/maxibull\/wp-content\/uploads\/2022\/05\/maxibull-M-photo-avec-packaging.jpg 1024w\" sizes=\"auto, (max-width: 768px) 100vw, 768px\" \/><\/figure><div class=\"wp-block-media-text__content\">\n<p class=\"has-text-align-center has-medium-font-size\">1 MAXiBULL&nbsp; taille &nbsp;M s\u2019adaptant aux bouteilles de &nbsp;taille moyenne (de 1 L \u00e0 1,5L)<\/p>\n<\/div><\/div>\n\n\n\n<hr class=\"wp-block-separator\"\/>\n\n\n\n<div class=\"wp-block-media-text alignwide is-stacked-on-mobile\" style=\"grid-template-columns:15% auto\"><figure class=\"wp-block-media-text__media\"><img loading=\"lazy\" decoding=\"async\" width=\"768\" height=\"1024\" src=\"https:\/\/odanis.fr\/maxibull\/wp-content\/uploads\/2022\/05\/maxibull-XL-avec-packaging-768x1024.jpg\" alt=\"\" class=\"wp-image-382 size-full\" srcset=\"https:\/\/odanis.fr\/maxibull\/wp-content\/uploads\/2022\/05\/maxibull-XL-avec-packaging-768x1024.jpg 768w, https:\/\/odanis.fr\/maxibull\/wp-content\/uploads\/2022\/05\/maxibull-XL-avec-packaging-225x300.jpg 225w, https:\/\/odanis.fr\/maxibull\/wp-content\/uploads\/2022\/05\/maxibull-XL-avec-packaging.jpg 1024w\" sizes=\"auto, (max-width: 768px) 100vw, 768px\" \/><\/figure><div class=\"wp-block-media-text__content\">\n<p class=\"has-text-align-center has-medium-font-size\">2 MAXiBULL&nbsp;: taille M + taille XL pour les bouteilles de 1,75L et plus<\/p>\n<\/div><\/div>\n\n\n\n<hr class=\"wp-block-separator\"\/>\n\n\n\n<div class=\"wp-block-media-text alignwide\" style=\"grid-template-columns:15% auto\"><figure class=\"wp-block-media-text__media\"><img loading=\"lazy\" decoding=\"async\" width=\"84\" height=\"84\" src=\"https:\/\/odanis.fr\/maxibull\/wp-content\/uploads\/2022\/04\/image-3.png\" alt=\"PANIER MAXIBULL\" class=\"wp-image-128 size-full\"\/><\/figure><div class=\"wp-block-media-text__content\">\n<p><\/p>\n\n\n\n<p class=\"has-text-align-center has-large-font-size\"><strong>O\u00f9 le trouver&nbsp;?<\/strong> &nbsp;<\/p>\n<\/div><\/div>\n\n\n\n<p>MAXiBULL &nbsp;en GMS, GSS &#8211;&gt;<\/p>\n\n\n\n<p>MAXiBULL sur les MarketPlaces &#8211;><\/p>\n\n\n\n<p>version M \u00a0<a href=\"https:\/\/www.ebay.fr\/itm\/155490996610?hash=item2433fc5182:g:aiAAAOSwvuZkLpkA&amp;amdata=enc%3AAQAIAAAA4BtnugMrpbQKjJd0ITIZNO1bGYeL12bR9UDDkXq2jUpcV1cT%2BF6pbH0KK9Hej7XHpacsh9TGqRu1EKE8Co76wuIjDLrqADJFA4czjIM1wD9V5i%2BbJrrNiqQ0mT6RGBGVqVR74hxI7EPsT5CyOZy0y52WrraQTp1H0e2c8c8YNI%2BWvRpByOC0Gw0UlZ37JlUhwgNrAKtkuFOlIjJMBnlUUrXxPcHLA%2FsSNHh%2BFUmfgGMm%2BdhqE29cnX2rcu1%2FK5SikoC8dCKSU44n7HgpMX%2B4U32z%2Fw9u8U4kzkJ1D0B2QJEZ%7Ctkp%3ABk9SR86w38GKYg\" target=\"_blank\" rel=\"noopener\">MAXiBULL USTENSILE DE PRESERVATION DU GAZ POUR BOISSONS GAZEUSES | eBay<\/a><\/p>\n\n\n\n<p>version M+XL <a href=\"https:\/\/www.ebay.fr\/itm\/155573269505?hash=item2438e3b401:g:kukAAOSwp8Bkb6K5&amp;amdata=enc%3AAQAIAAAAwFWtJslXgJ3GqB5nA7Z2y6%2Bxc4eyfM5gdhioHh8h9oN5%2FtxfcbpbtevlhdqUg58SA7gNN9oZ8SlBJ6gjCeCypSwZKhMXnw6esfADbLACAKypWEAKtjFkGuVJIXlROc%2BSE%2BXhVF8eTS8BjlhkXKPDbz9y4JsisLQ6qeHdH6FGRBsJUIxor6KZK5RIXFf10OdR%2BVxCvclZvdQQ6a1tstC%2B1Gbo%2FogXxUT4W%2BGj37YwxnskUFxyds4%2Bj92nUHpz3LXM2Q%3D%3D%7Ctkp%3ABk9SR_azisKKYg\" target=\"_blank\" rel=\"noopener\">MAXiBULL USTENSILE DE PRESERVATION DU GAZ POUR BOISSONS GAZEUSES | eBay<\/a><\/p>\n","protected":false},"excerpt":{"rendered":"<p>Acheter MAXiBULL, c\u2019est gagner de l\u2019argent&nbsp;!!! MAXiBULL est vraiment \u00e9conomique, en achetant 3 bouteilles de 1 litre &nbsp;au lieu de 6 bouteilles de 50cl, vous avez d\u00e9j\u00e0 rentabiliser votre achat (donn\u00e9es bas\u00e9es sur un prix observ\u00e9 quasi similaire entre une bouteille de 1 litre et de 50cl sur une marque de cola bien connue avec &hellip; <\/p>\n<p class=\"link-more\"><a href=\"https:\/\/odanis.fr\/maxibull\/achat\/\" class=\"more-link\">Lire la suite de<span class=\"screen-reader-text\">\u00ab\u00a0ACHAT\u00a0\u00bb<\/span><\/a><\/p>\n","protected":false},"author":1,"featured_media":0,"parent":0,"menu_order":0,"comment_status":"closed","ping_status":"closed","template":"","meta":{"footnotes":""},"class_list":["post-15","page","type-page","status-publish","hentry"],"_links":{"self":[{"href":"https:\/\/odanis.fr\/maxibull\/wp-json\/wp\/v2\/pages\/15","targetHints":{"allow":["GET"]}}],"collection":[{"href":"https:\/\/odanis.fr\/maxibull\/wp-json\/wp\/v2\/pages"}],"about":[{"href":"https:\/\/odanis.fr\/maxibull\/wp-json\/wp\/v2\/types\/page"}],"author":[{"embeddable":true,"href":"https:\/\/odanis.fr\/maxibull\/wp-json\/wp\/v2\/users\/1"}],"replies":[{"embeddable":true,"href":"https:\/\/odanis.fr\/maxibull\/wp-json\/wp\/v2\/comments?post=15"}],"version-history":[{"count":20,"href":"https:\/\/odanis.fr\/maxibull\/wp-json\/wp\/v2\/pages\/15\/revisions"}],"predecessor-version":[{"id":427,"href":"https:\/\/odanis.fr\/maxibull\/wp-json\/wp\/v2\/pages\/15\/revisions\/427"}],"wp:attachment":[{"href":"https:\/\/odanis.fr\/maxibull\/wp-json\/wp\/v2\/media?parent=15"}],"curies":[{"name":"wp","href":"https:\/\/api.w.org\/{rel}","templated":true}]}}