{"id":14,"date":"2022-04-16T20:05:29","date_gmt":"2022-04-16T18:05:29","guid":{"rendered":"https:\/\/odanis.fr\/maxibull\/?page_id=10"},"modified":"2022-05-04T20:01:35","modified_gmt":"2022-05-04T18:01:35","slug":"eco-friendly","status":"publish","type":"page","link":"https:\/\/odanis.fr\/maxibull\/eco-friendly\/","title":{"rendered":"ECO-FRIENDLY"},"content":{"rendered":"\n<div class=\"wp-block-image\"><figure class=\"aligncenter size-full\"><img loading=\"lazy\" decoding=\"async\" width=\"83\" height=\"83\" src=\"https:\/\/odanis.fr\/maxibull\/wp-content\/uploads\/2022\/04\/image-9.png\" alt=\"MAXIBULL ECO RESPONSABLE : ECO-FRIENDLY\" class=\"wp-image-142\"\/><\/figure><\/div>\n\n\n\n<p class=\"has-text-align-left\"><strong><strong>Ecoconception<\/strong>&nbsp;: <\/strong>l\u00e9ger, mais robuste, il a fait l\u2019objet d\u2019une conception permettant de r\u00e9duire son poids pour une r\u00e9sistance optimis\u00e9e, cela veut dire moins de mati\u00e8re\u2026<\/p>\n\n\n\n<hr class=\"wp-block-separator\"\/>\n\n\n\n<div class=\"wp-block-image\"><figure class=\"aligncenter size-full\"><img loading=\"lazy\" decoding=\"async\" width=\"88\" height=\"88\" src=\"https:\/\/odanis.fr\/maxibull\/wp-content\/uploads\/2022\/04\/image-10.png\" alt=\"MAXIBULL ECO RESPONSABLE : ECO-FRIENDLY\" class=\"wp-image-145\"\/><\/figure><\/div>\n\n\n\n<p class=\"has-text-align-left\"><strong><strong><strong>Fabriqu\u00e9 en PETG et rPETG<\/strong>&nbsp;: <\/strong><\/strong>fabriqu\u00e9 \u00e0 partir d&rsquo;une mati\u00e8re recyclable et \u00e9galement selon les versions avec de la mati\u00e8re recycl\u00e9e de la fili\u00e8re 3D.<\/p>\n\n\n\n<hr class=\"wp-block-separator\"\/>\n\n\n\n<div class=\"wp-block-image\"><figure class=\"aligncenter size-full\"><img loading=\"lazy\" decoding=\"async\" width=\"86\" height=\"86\" src=\"https:\/\/odanis.fr\/maxibull\/wp-content\/uploads\/2022\/04\/image-11.png\" alt=\"MAXIBULL ECO RESPONSABLE : ECO-FRIENDLY\" class=\"wp-image-146\"\/><\/figure><\/div>\n\n\n\n<p class=\"has-text-align-left\"><strong>R\u00e9duction de la consommation des plastiques&nbsp;<\/strong>: utiliser des bouteilles de plus grand volume c\u2019est \u00e9conomiser du plastique, l&rsquo;\u00e9conomie est de plus de la moiti\u00e9 du poids de PET par litre de boisson consomm\u00e9e&nbsp;!!(donn\u00e9es entre bouteille de 50cl et 1 L)&nbsp;<\/p>\n\n\n\n<hr class=\"wp-block-separator\"\/>\n\n\n\n<div class=\"wp-block-image\"><figure class=\"aligncenter size-full\"><img loading=\"lazy\" decoding=\"async\" width=\"83\" height=\"83\" src=\"https:\/\/odanis.fr\/maxibull\/wp-content\/uploads\/2022\/04\/image-12.png\" alt=\"MAXIBULL ECO RESPONSABLE : ECO-FRIENDLY FRANCE FABRIQUE\" class=\"wp-image-147\"\/><\/figure><\/div>\n\n\n\n<p class=\"has-text-align-left\"><strong><strong>Fabriqu\u00e9 en France<\/strong>&nbsp;<strong>et fier de l\u2019\u00eatre<\/strong> : <\/strong>100% de valeur ajout\u00e9 en France, mati\u00e8re premi\u00e8re principalement fran\u00e7aise, emballage europ\u00e9en.<\/p>\n\n\n\n<hr class=\"wp-block-separator\"\/>\n\n\n\n<div class=\"wp-block-image\"><figure class=\"aligncenter size-full\"><img loading=\"lazy\" decoding=\"async\" width=\"73\" height=\"73\" src=\"https:\/\/odanis.fr\/maxibull\/wp-content\/uploads\/2022\/04\/image-13.png\" alt=\"MAXIBULL ECO RESPONSABLE : ECO-FRIENDLY\" class=\"wp-image-148\"\/><\/figure><\/div>\n\n\n\n<p class=\"has-text-align-left\"><strong>Energie responsable<\/strong>&nbsp;: Fabrication par impression 3D des MAXiBULL  \u00e0 plus de 50% \u00e0 partir d\u2019\u00e9nergie renouvelable (Energie solaire)<\/p>\n","protected":false},"excerpt":{"rendered":"<p>Ecoconception&nbsp;: l\u00e9ger, mais robuste, il a fait l\u2019objet d\u2019une conception permettant de r\u00e9duire son poids pour une r\u00e9sistance optimis\u00e9e, cela veut dire moins de mati\u00e8re\u2026 Fabriqu\u00e9 en PETG et rPETG&nbsp;: fabriqu\u00e9 \u00e0 partir d&rsquo;une mati\u00e8re recyclable et \u00e9galement selon les versions avec de la mati\u00e8re recycl\u00e9e de la fili\u00e8re 3D. R\u00e9duction de la consommation des &hellip; <\/p>\n<p class=\"link-more\"><a href=\"https:\/\/odanis.fr\/maxibull\/eco-friendly\/\" class=\"more-link\">Lire la suite de<span class=\"screen-reader-text\">\u00ab\u00a0ECO-FRIENDLY\u00a0\u00bb<\/span><\/a><\/p>\n","protected":false},"author":1,"featured_media":0,"parent":0,"menu_order":0,"comment_status":"closed","ping_status":"closed","template":"","meta":{"footnotes":""},"class_list":["post-14","page","type-page","status-publish","hentry"],"_links":{"self":[{"href":"https:\/\/odanis.fr\/maxibull\/wp-json\/wp\/v2\/pages\/14","targetHints":{"allow":["GET"]}}],"collection":[{"href":"https:\/\/odanis.fr\/maxibull\/wp-json\/wp\/v2\/pages"}],"about":[{"href":"https:\/\/odanis.fr\/maxibull\/wp-json\/wp\/v2\/types\/page"}],"author":[{"embeddable":true,"href":"https:\/\/odanis.fr\/maxibull\/wp-json\/wp\/v2\/users\/1"}],"replies":[{"embeddable":true,"href":"https:\/\/odanis.fr\/maxibull\/wp-json\/wp\/v2\/comments?post=14"}],"version-history":[{"count":12,"href":"https:\/\/odanis.fr\/maxibull\/wp-json\/wp\/v2\/pages\/14\/revisions"}],"predecessor-version":[{"id":348,"href":"https:\/\/odanis.fr\/maxibull\/wp-json\/wp\/v2\/pages\/14\/revisions\/348"}],"wp:attachment":[{"href":"https:\/\/odanis.fr\/maxibull\/wp-json\/wp\/v2\/media?parent=14"}],"curies":[{"name":"wp","href":"https:\/\/api.w.org\/{rel}","templated":true}]}}