{"id":13,"date":"2022-04-16T20:04:34","date_gmt":"2022-04-16T18:04:34","guid":{"rendered":"https:\/\/odanis.fr\/maxibull\/?page_id=8"},"modified":"2025-12-19T12:01:42","modified_gmt":"2025-12-19T11:01:42","slug":"demo","status":"publish","type":"page","link":"https:\/\/odanis.fr\/maxibull\/demo\/","title":{"rendered":"DEMO"},"content":{"rendered":"\n<p class=\"has-text-align-center\"><strong>La d\u00e9mo par une vid\u00e9o<\/strong> en acc\u00e9l\u00e9r\u00e9e (x240), observer le niveau du liquide avec MAXiBULL et celle sans !!!<\/p>\n\n\n\n<p class=\"has-text-align-center has-pale-cyan-blue-color has-text-color\">    Le volume d&rsquo;air gagn\u00e9 dans votre bouteille avec MAXiBULL, c&rsquo;est du gaz \u00ab\u00a0en plus\u00a0\u00bb dans votre boisson&#8230;.<\/p>\n\n\n\n<figure class=\"wp-block-video\"><video height=\"540\" style=\"aspect-ratio: 960 \/ 540;\" width=\"960\" autoplay muted src=\"https:\/\/odanis.fr\/maxibull\/wp-content\/uploads\/2022\/04\/video-maxibull-sauvez-le-gaz-de-votre-boisson520p-15s-slogan-en.mp4\" playsinline><\/video><\/figure>\n\n\n\n<p><\/p>\n\n\n\n<hr class=\"wp-block-separator has-css-opacity\"\/>\n\n\n\n<p class=\"has-text-align-center\"><strong>Mode d\u2019utilisation<\/strong><\/p>\n\n\n\n<p class=\"has-text-align-center\"><\/p>\n\n\n\n<div class=\"wp-block-media-text alignwide is-stacked-on-mobile\"><figure class=\"wp-block-media-text__media\"><img loading=\"lazy\" decoding=\"async\" width=\"565\" height=\"622\" src=\"https:\/\/odanis.fr\/maxibull\/wp-content\/uploads\/2022\/04\/schema-DEMO-video-maxibull-sauvez-le-gaz-de-votre-boisson.jpg\" alt=\"DEMO MAXIBULL\" class=\"wp-image-341 size-full\" srcset=\"https:\/\/odanis.fr\/maxibull\/wp-content\/uploads\/2022\/04\/schema-DEMO-video-maxibull-sauvez-le-gaz-de-votre-boisson.jpg 565w, https:\/\/odanis.fr\/maxibull\/wp-content\/uploads\/2022\/04\/schema-DEMO-video-maxibull-sauvez-le-gaz-de-votre-boisson-273x300.jpg 273w\" sizes=\"auto, (max-width: 565px) 100vw, 565px\" \/><\/figure><div class=\"wp-block-media-text__content\">\n<p>Apr\u00e8s une premi\u00e8re consommation, pressez la bouteille pour faire remonter le liquide jusqu\u2019au bouchon et refermez l\u00e0.<\/p>\n\n\n\n<p>Positionner MAXiBULL sur la bouteille selon le sch\u00e9ma au premier cran.<\/p>\n\n\n\n<p>A la consommation suivante, pas besoin d\u2019enlever MAXiBULL ,&nbsp; il suffira juste de presser d\u2019un cran suppl\u00e9mentaire apr\u00e8s avoir fait remonter le liquide et refermer la bouteille.&nbsp;&nbsp;&nbsp;<\/p>\n<\/div><\/div>\n\n\n\n<hr class=\"wp-block-separator has-css-opacity\"\/>\n","protected":false},"excerpt":{"rendered":"<p>La d\u00e9mo par une vid\u00e9o en acc\u00e9l\u00e9r\u00e9e (x240), observer le niveau du liquide avec MAXiBULL et celle sans !!! Le volume d&rsquo;air gagn\u00e9 dans votre bouteille avec MAXiBULL, c&rsquo;est du gaz \u00ab\u00a0en plus\u00a0\u00bb dans votre boisson&#8230;. Mode d\u2019utilisation Apr\u00e8s une premi\u00e8re consommation, pressez la bouteille pour faire remonter le liquide jusqu\u2019au bouchon et refermez l\u00e0. &hellip; <\/p>\n<p class=\"link-more\"><a href=\"https:\/\/odanis.fr\/maxibull\/demo\/\" class=\"more-link\">Lire la suite de<span class=\"screen-reader-text\">\u00ab\u00a0DEMO\u00a0\u00bb<\/span><\/a><\/p>\n","protected":false},"author":1,"featured_media":0,"parent":0,"menu_order":0,"comment_status":"closed","ping_status":"closed","template":"","meta":{"footnotes":""},"class_list":["post-13","page","type-page","status-publish","hentry"],"_links":{"self":[{"href":"https:\/\/odanis.fr\/maxibull\/wp-json\/wp\/v2\/pages\/13","targetHints":{"allow":["GET"]}}],"collection":[{"href":"https:\/\/odanis.fr\/maxibull\/wp-json\/wp\/v2\/pages"}],"about":[{"href":"https:\/\/odanis.fr\/maxibull\/wp-json\/wp\/v2\/types\/page"}],"author":[{"embeddable":true,"href":"https:\/\/odanis.fr\/maxibull\/wp-json\/wp\/v2\/users\/1"}],"replies":[{"embeddable":true,"href":"https:\/\/odanis.fr\/maxibull\/wp-json\/wp\/v2\/comments?post=13"}],"version-history":[{"count":40,"href":"https:\/\/odanis.fr\/maxibull\/wp-json\/wp\/v2\/pages\/13\/revisions"}],"predecessor-version":[{"id":445,"href":"https:\/\/odanis.fr\/maxibull\/wp-json\/wp\/v2\/pages\/13\/revisions\/445"}],"wp:attachment":[{"href":"https:\/\/odanis.fr\/maxibull\/wp-json\/wp\/v2\/media?parent=13"}],"curies":[{"name":"wp","href":"https:\/\/api.w.org\/{rel}","templated":true}]}}